{"id":24128,"date":"2024-11-26T21:56:51","date_gmt":"2024-11-26T20:56:51","guid":{"rendered":"https:\/\/taxis-rennes-35.fr\/?page_id=24128"},"modified":"2024-12-30T09:02:28","modified_gmt":"2024-12-30T08:02:28","slug":"mentions-legales-2","status":"publish","type":"page","link":"https:\/\/taxis-rennes-35.fr\/en\/mentions-legales-2\/","title":{"rendered":"legal notices"},"content":{"rendered":"\t\t<div data-elementor-type=\"wp-page\" data-elementor-id=\"24128\" class=\"elementor elementor-24128\" data-elementor-post-type=\"page\">\n\t\t\t\t<div data-particle_enable=\"false\" data-particle-mobile-disabled=\"false\" class=\"elementor-element elementor-element-7e6a99f4 e-flex e-con-boxed e-con e-parent\" data-id=\"7e6a99f4\" data-element_type=\"container\" data-e-type=\"container\" data-settings=\"{&quot;jet_parallax_layout_list&quot;:[],&quot;ekit_has_onepagescroll_dot&quot;:&quot;yes&quot;}\">\n\t\t\t\t\t<div class=\"e-con-inner\">\n\t\t<div data-particle_enable=\"false\" data-particle-mobile-disabled=\"false\" class=\"elementor-element elementor-element-33e07470 e-flex e-con-boxed e-con e-child\" data-id=\"33e07470\" data-element_type=\"container\" data-e-type=\"container\" data-settings=\"{&quot;jet_parallax_layout_list&quot;:[],&quot;ekit_has_onepagescroll_dot&quot;:&quot;yes&quot;}\">\n\t\t\t\t\t<div class=\"e-con-inner\">\n\t\t\t\t<div class=\"elementor-element elementor-element-181504bf elementor-widget elementor-widget-heading\" data-id=\"181504bf\" data-element_type=\"widget\" data-e-type=\"widget\" data-settings=\"{&quot;ekit_we_effect_on&quot;:&quot;none&quot;}\" data-widget_type=\"heading.default\">\n\t\t\t\t<div class=\"elementor-widget-container\">\n\t\t\t\t\t<h2 class=\"elementor-heading-title elementor-size-default\">Mentions L\u00e9gales<\/h2>\t\t\t\t<\/div>\n\t\t\t\t<\/div>\n\t\t\t\t\t<\/div>\n\t\t\t\t<\/div>\n\t\t<div data-particle_enable=\"false\" data-particle-mobile-disabled=\"false\" class=\"elementor-element elementor-element-4aac2f87 e-flex e-con-boxed e-con e-child\" data-id=\"4aac2f87\" data-element_type=\"container\" data-e-type=\"container\" data-settings=\"{&quot;jet_parallax_layout_list&quot;:[],&quot;ekit_has_onepagescroll_dot&quot;:&quot;yes&quot;}\">\n\t\t\t\t\t<div class=\"e-con-inner\">\n\t\t\t\t<div class=\"elementor-element elementor-element-892a873 elementor-widget elementor-widget-heading\" data-id=\"892a873\" data-element_type=\"widget\" data-e-type=\"widget\" data-settings=\"{&quot;ekit_we_effect_on&quot;:&quot;none&quot;}\" data-widget_type=\"heading.default\">\n\t\t\t\t<div class=\"elementor-widget-container\">\n\t\t\t\t\t<h2 class=\"elementor-heading-title elementor-size-default\">1. Information l\u00e9gales<\/h2>\t\t\t\t<\/div>\n\t\t\t\t<\/div>\n\t\t\t\t\t<\/div>\n\t\t\t\t<\/div>\n\t\t<div data-particle_enable=\"false\" data-particle-mobile-disabled=\"false\" class=\"elementor-element elementor-element-6e23b292 e-flex e-con-boxed e-con e-child\" data-id=\"6e23b292\" data-element_type=\"container\" data-e-type=\"container\" data-settings=\"{&quot;jet_parallax_layout_list&quot;:[],&quot;ekit_has_onepagescroll_dot&quot;:&quot;yes&quot;}\">\n\t\t\t\t\t<div class=\"e-con-inner\">\n\t\t\t\t<div class=\"elementor-element elementor-element-1d8b9fd5 elementor-widget elementor-widget-text-editor\" data-id=\"1d8b9fd5\" data-element_type=\"widget\" data-e-type=\"widget\" data-settings=\"{&quot;ekit_we_effect_on&quot;:&quot;none&quot;}\" data-widget_type=\"text-editor.default\">\n\t\t\t\t<div class=\"elementor-widget-container\">\n\t\t\t\t\t\t\t\t\t<p><span style=\"font-weight: 400;\">Ce site web est la propri\u00e9t\u00e9 de la S.A.R.L. BREIZHCAB ( \u00ab\u00a0l&rsquo;entreprise\u00a0\u00bb), une entreprise dont l&rsquo;activit\u00e9 est le transport de voyageurs en taxi.<\/span><\/p><p>Acquisition, propri\u00e9t\u00e9, exploitation d&rsquo;un fonds de commerce de transport de personnes, avec ou sans bagages, par taxi et\/ou de colis \u00e0 titre on\u00e9reux. Transport de personne en voiture de tourisme avec chauffeur (Vtc), la location de voitures particuli\u00e8res avec chauffeur.<\/p><p><span style=\"font-weight: 400;\">En vous connectant au site, vous acc\u00e9dez \u00e0 un contenu prot\u00e9g\u00e9 par la loi, notamment par les dispositions du Code de la propri\u00e9t\u00e9 intellectuelle. L\u2019\u00e9diteur n\u2019autorise qu\u2019un usage strictement personnel des donn\u00e9es, informations ou contenus auxquels vous acc\u00e9dez. L\u2019utilisation ou la reproduction des images, photographies ou illustrations de ce site est strictement interdite sans l\u2019accord de leurs auteurs. Toutes infractions seront passibles de poursuites judiciaires. En poursuivant votre visite de notre site, vous acceptez de respecter les restrictions ci-dessous.<\/span><\/p><p><span style=\"font-weight: 400;\">\u00a0<\/span><\/p>\t\t\t\t\t\t\t\t<\/div>\n\t\t\t\t<\/div>\n\t\t\t\t\t<\/div>\n\t\t\t\t<\/div>\n\t\t<div data-particle_enable=\"false\" data-particle-mobile-disabled=\"false\" class=\"elementor-element elementor-element-485b7ba9 e-flex e-con-boxed e-con e-child\" data-id=\"485b7ba9\" data-element_type=\"container\" data-e-type=\"container\" data-settings=\"{&quot;jet_parallax_layout_list&quot;:[],&quot;ekit_has_onepagescroll_dot&quot;:&quot;yes&quot;}\">\n\t\t\t\t\t<div class=\"e-con-inner\">\n\t\t\t\t<div class=\"elementor-element elementor-element-32bef2ec elementor-widget elementor-widget-heading\" data-id=\"32bef2ec\" data-element_type=\"widget\" data-e-type=\"widget\" data-settings=\"{&quot;ekit_we_effect_on&quot;:&quot;none&quot;}\" data-widget_type=\"heading.default\">\n\t\t\t\t<div class=\"elementor-widget-container\">\n\t\t\t\t\t<h2 class=\"elementor-heading-title elementor-size-default\">2. Editeur du site:<\/h2>\t\t\t\t<\/div>\n\t\t\t\t<\/div>\n\t\t\t\t\t<\/div>\n\t\t\t\t<\/div>\n\t\t\t\t<div class=\"elementor-element elementor-element-76e28046 elementor-widget elementor-widget-text-editor\" data-id=\"76e28046\" data-element_type=\"widget\" data-e-type=\"widget\" data-settings=\"{&quot;ekit_we_effect_on&quot;:&quot;none&quot;}\" data-widget_type=\"text-editor.default\">\n\t\t\t\t<div class=\"elementor-widget-container\">\n\t\t\t\t\t\t\t\t\t<p><b>Soci\u00e9t\u00e9:<\/b><span style=\"font-weight: 400;\"> BREIZHCAB<\/span><\/p><p><b>Statut: <\/b><span style=\"font-weight: 400;\">S.A.R.L.. au capital de 2000 euros.<\/span><\/p><p><b>Dirigeants<\/b><span style=\"font-weight: 400;\">: Hicham El Ouakili<\/span><\/p><p><span style=\"color: var( --e-global-color-0b5108a ); text-align: var(--text-align); font-size: 1rem;\"><b>Si\u00e8ge social :<\/b><\/span><span style=\"font-weight: 400; color: var( --e-global-color-0b5108a ); text-align: var(--text-align); font-size: 1rem;\"> 28 Boulevard du Colombier 35000 RENNES<\/span><\/p><p><b>T\u00e9l\u00e9phone :<\/b><a href=\"tel:0622073575\"><span style=\"font-weight: 400;\"> 06.22.07.35.75<\/span><\/a><\/p><p><b>E-mail :<\/b><a href=\"mailto:breizh.cab@gmail.com\"><span style=\"font-weight: 400;\"> Breiz.cab@gmail.com<\/span><\/a><\/p><p><b>SIRET <\/b><span style=\"font-weight: 400;\">: 81099364200042 au RCS de Rennes<\/span><\/p><p><b>Code APE:<\/b><span style=\"font-weight: 400;\"> 68.31Z<\/span><\/p><p><b>Num\u00e9ro de TVA<\/b><span style=\"font-weight: 400;\">:\u00a0<\/span><span style=\"text-align: var(--text-align); font-weight: 400;\">FR12982760738<\/span><\/p><p><span style=\"color: var( --e-global-color-0b5108a ); text-align: var(--text-align); font-size: 1rem;\"><b>Responsable de la publication<\/b><\/span><span style=\"font-weight: 400; color: var( --e-global-color-0b5108a ); text-align: var(--text-align); font-size: 1rem;\"> : Marie et Guillaume THOMAS<\/span><\/p>\t\t\t\t\t\t\t\t<\/div>\n\t\t\t\t<\/div>\n\t\t<div data-particle_enable=\"false\" data-particle-mobile-disabled=\"false\" class=\"elementor-element elementor-element-34c2dd9 e-flex e-con-boxed e-con e-child\" data-id=\"34c2dd9\" data-element_type=\"container\" data-e-type=\"container\" data-settings=\"{&quot;jet_parallax_layout_list&quot;:[],&quot;ekit_has_onepagescroll_dot&quot;:&quot;yes&quot;}\">\n\t\t\t\t\t<div class=\"e-con-inner\">\n\t\t\t\t<div class=\"elementor-element elementor-element-57f0618e elementor-widget elementor-widget-heading\" data-id=\"57f0618e\" data-element_type=\"widget\" data-e-type=\"widget\" data-settings=\"{&quot;ekit_we_effect_on&quot;:&quot;none&quot;}\" data-widget_type=\"heading.default\">\n\t\t\t\t<div class=\"elementor-widget-container\">\n\t\t\t\t\t<h2 class=\"elementor-heading-title elementor-size-default\">3. R\u00e9alisation du site:<\/h2>\t\t\t\t<\/div>\n\t\t\t\t<\/div>\n\t\t\t\t<div class=\"elementor-element elementor-element-40703656 elementor-widget elementor-widget-text-editor\" data-id=\"40703656\" data-element_type=\"widget\" data-e-type=\"widget\" data-settings=\"{&quot;ekit_we_effect_on&quot;:&quot;none&quot;}\" data-widget_type=\"text-editor.default\">\n\t\t\t\t<div class=\"elementor-widget-container\">\n\t\t\t\t\t\t\t\t\t<p><b>Soci\u00e9t\u00e9<\/b>:<span style=\"font-weight: 400;\"> <a href=\"https:\/\/beyooz.fr\">BEYOOZ<\/a><\/span><\/p><p><b>Statut: <\/b><span style=\"font-weight: 400;\">S.A.R.L. au capital de 3000 euros<\/span><\/p><p><b>G\u00e9rant<\/b><span style=\"font-weight: 400;\">: Gabriel GENDRE<\/span><\/p><p><span style=\"color: var( --e-global-color-0b5108a ); text-align: var(--text-align); font-size: 1rem;\"><b>Si\u00e8ge social :<\/b><\/span><span style=\"font-weight: 400; color: var( --e-global-color-0b5108a ); text-align: var(--text-align); font-size: 1rem;\"> 1, rue du Bas Luzard, 35131 PONT-PEAN<\/span><\/p><p><b>T\u00e9l\u00e9phone :<\/b><a href=\"tel:06.10.37.27.09\"><span style=\"font-weight: 400;\"> 06.10.37.27.09<\/span><\/a><\/p><p><b>E-mail :<\/b><span style=\"font-weight: 400;\">\u00a0<a href=\"mailto:gabriel@beyooz.fr\">gabriel@beyooz.fr<\/a><\/span><\/p><p><b>Site internet: <\/b><a href=\"https:\/\/www.beyooz.fr\/\">https:\/\/www.beyooz.fr<\/a><\/p><p><b>SIRET <\/b>: 97775674100012 au RCS de Rennes<\/p><p><b>Code APE:<\/b><span style=\"font-weight: 400;\"> 4932Z<\/span><\/p><p><b>Num\u00e9ro de TVA<\/b><span style=\"font-weight: 400;\">:\u00a0<\/span><span style=\"text-align: var(--text-align);\">FR69810993642<\/span><\/p>\t\t\t\t\t\t\t\t<\/div>\n\t\t\t\t<\/div>\n\t\t\t\t\t<\/div>\n\t\t\t\t<\/div>\n\t\t<div data-particle_enable=\"false\" data-particle-mobile-disabled=\"false\" class=\"elementor-element elementor-element-dabc0f6 e-flex e-con-boxed e-con e-child\" data-id=\"dabc0f6\" data-element_type=\"container\" data-e-type=\"container\" data-settings=\"{&quot;jet_parallax_layout_list&quot;:[],&quot;ekit_has_onepagescroll_dot&quot;:&quot;yes&quot;}\">\n\t\t\t\t\t<div class=\"e-con-inner\">\n\t\t\t\t<div class=\"elementor-element elementor-element-6da692bd elementor-widget elementor-widget-heading\" data-id=\"6da692bd\" data-element_type=\"widget\" data-e-type=\"widget\" data-settings=\"{&quot;ekit_we_effect_on&quot;:&quot;none&quot;}\" data-widget_type=\"heading.default\">\n\t\t\t\t<div class=\"elementor-widget-container\">\n\t\t\t\t\t<h2 class=\"elementor-heading-title elementor-size-default\">4. Web design du site:<\/h2>\t\t\t\t<\/div>\n\t\t\t\t<\/div>\n\t\t\t\t<div class=\"elementor-element elementor-element-4841bdd0 elementor-widget elementor-widget-text-editor\" data-id=\"4841bdd0\" data-element_type=\"widget\" data-e-type=\"widget\" data-settings=\"{&quot;ekit_we_effect_on&quot;:&quot;none&quot;}\" data-widget_type=\"text-editor.default\">\n\t\t\t\t<div class=\"elementor-widget-container\">\n\t\t\t\t\t\t\t\t\t<p><b>Soci\u00e9t\u00e9<\/b>:<span style=\"font-weight: 400;\"> <a href=\"https:\/\/www.ephemere-agency.com\/\" target=\"_blank\" rel=\"noopener\">\u00c9ph\u00e9m\u00e8re<\/a><\/span><\/p><p><b>Statut:\u00a0<\/b>Micro-Entrepreneur<\/p><p><b>Propi\u00e9taire<\/b><span style=\"font-weight: 400;\">: Oph\u00e9lie Joly<\/span><\/p><p><span style=\"color: var( --e-global-color-0b5108a ); text-align: var(--text-align); font-size: 1rem;\"><b>Si\u00e8ge social :<\/b><\/span><span style=\"font-weight: 400; color: var( --e-global-color-0b5108a ); text-align: var(--text-align); font-size: 1rem;\"> 1, rue du Bas Luzard, 35131 PONT-PEAN<\/span><\/p><p><b>T\u00e9l\u00e9phone :<\/b><span style=\"font-weight: 400;\">\u00a0<\/span><a href=\"tel:06.75.65.90.97\">06.75.65.90.97<\/a><\/p><p><b>E-mail :<\/b><span style=\"font-weight: 400;\">\u00a0<\/span><a style=\"text-align: var(--text-align); background-color: #ffffff; font-size: 1rem;\" href=\"mailto:contact@ephemere-agency.com\">contact@ephemere-agency.com<\/a><\/p><p><b>SIRET <\/b>: 97775674100012 au RCS de Rennes<\/p><p><b>Code APE:<\/b><span style=\"font-weight: 400;\"> 62.01Z<\/span><\/p><p><b>Num\u00e9ro de TVA<\/b><span style=\"font-weight: 400;\">: FR32977756741<\/span><\/p>\t\t\t\t\t\t\t\t<\/div>\n\t\t\t\t<\/div>\n\t\t\t\t\t<\/div>\n\t\t\t\t<\/div>\n\t\t<div data-particle_enable=\"false\" data-particle-mobile-disabled=\"false\" class=\"elementor-element elementor-element-38721f71 e-flex e-con-boxed e-con e-child\" data-id=\"38721f71\" data-element_type=\"container\" data-e-type=\"container\" data-settings=\"{&quot;jet_parallax_layout_list&quot;:[],&quot;ekit_has_onepagescroll_dot&quot;:&quot;yes&quot;}\">\n\t\t\t\t\t<div class=\"e-con-inner\">\n\t\t\t\t<div class=\"elementor-element elementor-element-4a5e7963 elementor-widget elementor-widget-heading\" data-id=\"4a5e7963\" data-element_type=\"widget\" data-e-type=\"widget\" data-settings=\"{&quot;ekit_we_effect_on&quot;:&quot;none&quot;}\" data-widget_type=\"heading.default\">\n\t\t\t\t<div class=\"elementor-widget-container\">\n\t\t\t\t\t<h2 class=\"elementor-heading-title elementor-size-default\">5. H\u00e9bergement du site:<\/h2>\t\t\t\t<\/div>\n\t\t\t\t<\/div>\n\t\t\t\t<div class=\"elementor-element elementor-element-41efe04a elementor-widget elementor-widget-text-editor\" data-id=\"41efe04a\" data-element_type=\"widget\" data-e-type=\"widget\" data-settings=\"{&quot;ekit_we_effect_on&quot;:&quot;none&quot;}\" data-widget_type=\"text-editor.default\">\n\t\t\t\t<div class=\"elementor-widget-container\">\n\t\t\t\t\t\t\t\t\t<p><b>Soci\u00e9t\u00e9:<\/b><a href=\"https:\/\/www.o2switch.fr\/\"><span style=\"font-weight: 400;\"> O2SWITCH<\/span><\/a><\/p><p><b>Statut:\u00a0<\/b><span style=\"color: var( --e-global-color-0b5108a ); text-align: var(--text-align); font-size: 1rem;\">SAS au capital de 100 000\u20ac<\/span><\/p><p><strong>Propri\u00e9taire:<\/strong> TWS France FinAcq<\/p><p><span style=\"color: var( --e-global-color-0b5108a ); text-align: var(--text-align); font-size: 1rem;\"><b>Si\u00e8ge social :<\/b><\/span><span style=\"font-weight: 400; color: var( --e-global-color-0b5108a ); text-align: var(--text-align); font-size: 1rem;\"> Chemin des Pardiaux, 63000 Clermont-Ferrand<\/span><\/p><p><b>T\u00e9l\u00e9phone :<\/b><span style=\"font-weight: 400;\"> 06.10.37.27.09<\/span><\/p><p><b>E-mail :<\/b><span style=\"font-weight: 400;\">\u00a0gabriel@beyooz.fr<\/span><\/p><p><b>Site internet: <\/b><a href=\"https:\/\/www.beyooz.fr\/\">https:\/\/www.beyooz.fr<\/a><\/p><p><b>SIRET <\/b>: 510 909 807 00032 (RCS Clermont Ferrand)<\/p><p><b>Code APE:<\/b><span style=\"font-weight: 400;\"> 63.11Z<\/span><\/p><p><b>Num\u00e9ro de TVA<\/b><span style=\"font-weight: 400;\">: FR35510909807<\/span><\/p>\t\t\t\t\t\t\t\t<\/div>\n\t\t\t\t<\/div>\n\t\t\t\t\t<\/div>\n\t\t\t\t<\/div>\n\t\t<div data-particle_enable=\"false\" data-particle-mobile-disabled=\"false\" class=\"elementor-element elementor-element-6e24bb2e e-flex e-con-boxed e-con e-child\" data-id=\"6e24bb2e\" data-element_type=\"container\" data-e-type=\"container\" data-settings=\"{&quot;jet_parallax_layout_list&quot;:[],&quot;ekit_has_onepagescroll_dot&quot;:&quot;yes&quot;}\">\n\t\t\t\t\t<div class=\"e-con-inner\">\n\t\t\t\t<div class=\"elementor-element elementor-element-1588952e elementor-widget elementor-widget-heading\" data-id=\"1588952e\" data-element_type=\"widget\" data-e-type=\"widget\" data-settings=\"{&quot;ekit_we_effect_on&quot;:&quot;none&quot;}\" data-widget_type=\"heading.default\">\n\t\t\t\t<div class=\"elementor-widget-container\">\n\t\t\t\t\t<h2 class=\"elementor-heading-title elementor-size-default\">6. Propri\u00e9t\u00e9 intellectuelle\n<\/h2>\t\t\t\t<\/div>\n\t\t\t\t<\/div>\n\t\t\t\t\t<\/div>\n\t\t\t\t<\/div>\n\t\t<div data-particle_enable=\"false\" data-particle-mobile-disabled=\"false\" class=\"elementor-element elementor-element-322a1865 e-flex e-con-boxed e-con e-child\" data-id=\"322a1865\" data-element_type=\"container\" data-e-type=\"container\" data-settings=\"{&quot;jet_parallax_layout_list&quot;:[],&quot;ekit_has_onepagescroll_dot&quot;:&quot;yes&quot;}\">\n\t\t\t\t\t<div class=\"e-con-inner\">\n\t\t\t\t<div class=\"elementor-element elementor-element-13331ebb elementor-widget elementor-widget-text-editor\" data-id=\"13331ebb\" data-element_type=\"widget\" data-e-type=\"widget\" data-settings=\"{&quot;ekit_we_effect_on&quot;:&quot;none&quot;}\" data-widget_type=\"text-editor.default\">\n\t\t\t\t<div class=\"elementor-widget-container\">\n\t\t\t\t\t\t\t\t\t<p><span style=\"font-weight: 400;\">Tous les contenus de ce site web, y compris mais sans s&rsquo;y limiter, les textes, les images, les logos, les vid\u00e9os et les graphiques, sont la propri\u00e9t\u00e9 exclusive de la soci\u00e9t\u00e9 BREIZHCAB ou de tiers ayant autoris\u00e9 BREIZHCAB \u00e0 les utiliser. Toute utilisation non autoris\u00e9e de ces contenus est strictement interdite et peut donner lieu \u00e0 des poursuites judiciaires.<\/span><\/p>\t\t\t\t\t\t\t\t<\/div>\n\t\t\t\t<\/div>\n\t\t\t\t\t<\/div>\n\t\t\t\t<\/div>\n\t\t<div data-particle_enable=\"false\" data-particle-mobile-disabled=\"false\" class=\"elementor-element elementor-element-ec91714 e-flex e-con-boxed e-con e-child\" data-id=\"ec91714\" data-element_type=\"container\" data-e-type=\"container\" data-settings=\"{&quot;jet_parallax_layout_list&quot;:[],&quot;ekit_has_onepagescroll_dot&quot;:&quot;yes&quot;}\">\n\t\t\t\t\t<div class=\"e-con-inner\">\n\t\t\t\t<div class=\"elementor-element elementor-element-3280b881 elementor-widget elementor-widget-heading\" data-id=\"3280b881\" data-element_type=\"widget\" data-e-type=\"widget\" data-settings=\"{&quot;ekit_we_effect_on&quot;:&quot;none&quot;}\" data-widget_type=\"heading.default\">\n\t\t\t\t<div class=\"elementor-widget-container\">\n\t\t\t\t\t<h2 class=\"elementor-heading-title elementor-size-default\">7. Liens externes<\/h2>\t\t\t\t<\/div>\n\t\t\t\t<\/div>\n\t\t\t\t\t<\/div>\n\t\t\t\t<\/div>\n\t\t<div data-particle_enable=\"false\" data-particle-mobile-disabled=\"false\" class=\"elementor-element elementor-element-42f20352 e-flex e-con-boxed e-con e-child\" data-id=\"42f20352\" data-element_type=\"container\" data-e-type=\"container\" data-settings=\"{&quot;jet_parallax_layout_list&quot;:[],&quot;ekit_has_onepagescroll_dot&quot;:&quot;yes&quot;}\">\n\t\t\t\t\t<div class=\"e-con-inner\">\n\t\t\t\t<div class=\"elementor-element elementor-element-7a818ec elementor-widget elementor-widget-text-editor\" data-id=\"7a818ec\" data-element_type=\"widget\" data-e-type=\"widget\" data-settings=\"{&quot;ekit_we_effect_on&quot;:&quot;none&quot;}\" data-widget_type=\"text-editor.default\">\n\t\t\t\t<div class=\"elementor-widget-container\">\n\t\t\t\t\t\t\t\t\t<p><span style=\"font-weight: 400;\">Notre site web peut contenir des liens vers des sites web externes. BREIZHCAB n&rsquo;est pas responsable du contenu ou de la politique de confidentialit\u00e9 de ces sites web externes. Nous vous encourageons \u00e0 lire les mentions l\u00e9gales et les politiques de confidentialit\u00e9 de ces sites web tiers lorsque vous les visitez.<\/span><\/p>\t\t\t\t\t\t\t\t<\/div>\n\t\t\t\t<\/div>\n\t\t\t\t\t<\/div>\n\t\t\t\t<\/div>\n\t\t<div data-particle_enable=\"false\" data-particle-mobile-disabled=\"false\" class=\"elementor-element elementor-element-71a419fa e-flex e-con-boxed e-con e-child\" data-id=\"71a419fa\" data-element_type=\"container\" data-e-type=\"container\" data-settings=\"{&quot;jet_parallax_layout_list&quot;:[],&quot;ekit_has_onepagescroll_dot&quot;:&quot;yes&quot;}\">\n\t\t\t\t\t<div class=\"e-con-inner\">\n\t\t\t\t<div class=\"elementor-element elementor-element-28beed2c elementor-widget elementor-widget-heading\" data-id=\"28beed2c\" data-element_type=\"widget\" data-e-type=\"widget\" data-settings=\"{&quot;ekit_we_effect_on&quot;:&quot;none&quot;}\" data-widget_type=\"heading.default\">\n\t\t\t\t<div class=\"elementor-widget-container\">\n\t\t\t\t\t<h2 class=\"elementor-heading-title elementor-size-default\">8. Limitation de responsabilit\u00e9\n<\/h2>\t\t\t\t<\/div>\n\t\t\t\t<\/div>\n\t\t\t\t\t<\/div>\n\t\t\t\t<\/div>\n\t\t<div data-particle_enable=\"false\" data-particle-mobile-disabled=\"false\" class=\"elementor-element elementor-element-730768e4 e-flex e-con-boxed e-con e-child\" data-id=\"730768e4\" data-element_type=\"container\" data-e-type=\"container\" data-settings=\"{&quot;jet_parallax_layout_list&quot;:[],&quot;ekit_has_onepagescroll_dot&quot;:&quot;yes&quot;}\">\n\t\t\t\t\t<div class=\"e-con-inner\">\n\t\t\t\t<div class=\"elementor-element elementor-element-67d02532 elementor-widget elementor-widget-text-editor\" data-id=\"67d02532\" data-element_type=\"widget\" data-e-type=\"widget\" data-settings=\"{&quot;ekit_we_effect_on&quot;:&quot;none&quot;}\" data-widget_type=\"text-editor.default\">\n\t\t\t\t<div class=\"elementor-widget-container\">\n\t\t\t\t\t\t\t\t\t<p><span style=\"font-weight: 400;\">Malgr\u00e9 tous nos efforts pour fournir des informations pr\u00e9cises et \u00e0 jour, [Nom de l&rsquo;entreprise] ne peut garantir l&rsquo;exactitude, la pertinence ou l&rsquo;exhaustivit\u00e9 des informations pr\u00e9sentes sur ce site web. En cons\u00e9quence, BREIZHCAB d\u00e9cline toute responsabilit\u00e9 en cas d&rsquo;erreur ou d&rsquo;omission dans les contenus de ce site web.<\/span><\/p>\t\t\t\t\t\t\t\t<\/div>\n\t\t\t\t<\/div>\n\t\t\t\t\t<\/div>\n\t\t\t\t<\/div>\n\t\t<div data-particle_enable=\"false\" data-particle-mobile-disabled=\"false\" class=\"elementor-element elementor-element-405cff89 e-flex e-con-boxed e-con e-child\" data-id=\"405cff89\" data-element_type=\"container\" data-e-type=\"container\" data-settings=\"{&quot;jet_parallax_layout_list&quot;:[],&quot;ekit_has_onepagescroll_dot&quot;:&quot;yes&quot;}\">\n\t\t\t\t\t<div class=\"e-con-inner\">\n\t\t\t\t<div class=\"elementor-element elementor-element-547bfa75 elementor-widget elementor-widget-heading\" data-id=\"547bfa75\" data-element_type=\"widget\" data-e-type=\"widget\" data-settings=\"{&quot;ekit_we_effect_on&quot;:&quot;none&quot;}\" data-widget_type=\"heading.default\">\n\t\t\t\t<div class=\"elementor-widget-container\">\n\t\t\t\t\t<h2 class=\"elementor-heading-title elementor-size-default\">10. Droit applicable et juridiction comp\u00e9tente<\/h2>\t\t\t\t<\/div>\n\t\t\t\t<\/div>\n\t\t\t\t\t<\/div>\n\t\t\t\t<\/div>\n\t\t<div data-particle_enable=\"false\" data-particle-mobile-disabled=\"false\" class=\"elementor-element elementor-element-1443568f e-flex e-con-boxed e-con e-child\" data-id=\"1443568f\" data-element_type=\"container\" data-e-type=\"container\" data-settings=\"{&quot;jet_parallax_layout_list&quot;:[],&quot;ekit_has_onepagescroll_dot&quot;:&quot;yes&quot;}\">\n\t\t\t\t\t<div class=\"e-con-inner\">\n\t\t\t\t<div class=\"elementor-element elementor-element-7f3afc01 elementor-widget elementor-widget-text-editor\" data-id=\"7f3afc01\" data-element_type=\"widget\" data-e-type=\"widget\" data-settings=\"{&quot;ekit_we_effect_on&quot;:&quot;none&quot;}\" data-widget_type=\"text-editor.default\">\n\t\t\t\t<div class=\"elementor-widget-container\">\n\t\t\t\t\t\t\t\t\t<p><span style=\"font-weight: 400;\">Tout litige d\u00e9coulant de l&rsquo;utilisation de ce site web sera r\u00e9gi par le droit fran\u00e7ais. En cas de litige, les tribunaux comp\u00e9tents de RENNES seront seuls comp\u00e9tents.<\/span><\/p>\t\t\t\t\t\t\t\t<\/div>\n\t\t\t\t<\/div>\n\t\t\t\t\t<\/div>\n\t\t\t\t<\/div>\n\t\t<div data-particle_enable=\"false\" data-particle-mobile-disabled=\"false\" class=\"elementor-element elementor-element-5b21df79 e-flex e-con-boxed e-con e-child\" data-id=\"5b21df79\" data-element_type=\"container\" data-e-type=\"container\" data-settings=\"{&quot;jet_parallax_layout_list&quot;:[],&quot;ekit_has_onepagescroll_dot&quot;:&quot;yes&quot;}\">\n\t\t\t\t\t<div class=\"e-con-inner\">\n\t\t\t\t<div class=\"elementor-element elementor-element-3c155a55 elementor-widget elementor-widget-text-editor\" data-id=\"3c155a55\" data-element_type=\"widget\" data-e-type=\"widget\" data-settings=\"{&quot;ekit_we_effect_on&quot;:&quot;none&quot;}\" data-widget_type=\"text-editor.default\">\n\t\t\t\t<div class=\"elementor-widget-container\">\n\t\t\t\t\t\t\t\t\t<p><span style=\"font-weight: 400;\">Derni\u00e8re mise \u00e0 jour : 30\/12\/2024<\/span><\/p>\t\t\t\t\t\t\t\t<\/div>\n\t\t\t\t<\/div>\n\t\t\t\t\t<\/div>\n\t\t\t\t<\/div>\n\t\t\t\t\t<\/div>\n\t\t\t\t<\/div>\n\t\t\t\t<\/div>\n\t\t","protected":false},"excerpt":{"rendered":"<p>Mentions L\u00e9gales 1. Information l\u00e9gales Ce site web est la propri\u00e9t\u00e9 de la S.A.R.L. BREIZHCAB ( \u00ab\u00a0l&rsquo;entreprise\u00a0\u00bb), une entreprise dont l&rsquo;activit\u00e9 est le transport de voyageurs en taxi. Acquisition, propri\u00e9t\u00e9, exploitation d&rsquo;un fonds de commerce de transport de personnes, avec ou sans bagages, par taxi et\/ou de colis \u00e0 titre on\u00e9reux. Transport de personne en [&hellip;]<\/p>\n","protected":false},"author":1,"featured_media":0,"parent":0,"menu_order":0,"comment_status":"closed","ping_status":"closed","template":"","meta":{"_seopress_robots_primary_cat":"","_seopress_titles_title":"","_seopress_titles_desc":"","_seopress_robots_index":"","footnotes":""},"class_list":["post-24128","page","type-page","status-publish","hentry"],"_links":{"self":[{"href":"https:\/\/taxis-rennes-35.fr\/en\/wp-json\/wp\/v2\/pages\/24128","targetHints":{"allow":["GET"]}}],"collection":[{"href":"https:\/\/taxis-rennes-35.fr\/en\/wp-json\/wp\/v2\/pages"}],"about":[{"href":"https:\/\/taxis-rennes-35.fr\/en\/wp-json\/wp\/v2\/types\/page"}],"author":[{"embeddable":true,"href":"https:\/\/taxis-rennes-35.fr\/en\/wp-json\/wp\/v2\/users\/1"}],"replies":[{"embeddable":true,"href":"https:\/\/taxis-rennes-35.fr\/en\/wp-json\/wp\/v2\/comments?post=24128"}],"version-history":[{"count":0,"href":"https:\/\/taxis-rennes-35.fr\/en\/wp-json\/wp\/v2\/pages\/24128\/revisions"}],"wp:attachment":[{"href":"https:\/\/taxis-rennes-35.fr\/en\/wp-json\/wp\/v2\/media?parent=24128"}],"curies":[{"name":"wp","href":"https:\/\/api.w.org\/{rel}","templated":true}]}}